{"id":385,"date":"2019-04-19T22:54:58","date_gmt":"2019-04-19T20:54:58","guid":{"rendered":"http:\/\/paradisdelanse-restaurant.fr\/?page_id=385"},"modified":"2023-08-25T05:07:41","modified_gmt":"2023-08-25T03:07:41","slug":"visite-virtuelle","status":"publish","type":"page","link":"https:\/\/paradisdelanse-restaurant.fr\/fr_fr\/visite-virtuelle\/","title":{"rendered":"Visite 360\u00b0"},"content":{"rendered":"<div class=\"vc_row wpb_row vc_row-fluid vc_custom_1555708634842\"><div class=\"wpb_column vc_column_container vc_col-sm-12\"><div class=\"vc_column-inner\"><div class=\"wpb_wrapper\"><h6 style=\"text-align: center\" class=\"vc_custom_heading\" >360 \u00b0<\/h6><h2 style=\"font-size: 50px;text-align: center;font-family:Mrs Saint Delafield;font-weight:400;font-style:normal\" class=\"vc_custom_heading\" >Visite virtuelle du restaurant<\/h2><div class=\"vc_empty_space\"   style=\"height: 20px\" ><span class=\"vc_empty_space_inner\"><\/span><\/div>\n<div class=\"vc_row wpb_row vc_inner vc_row-fluid\"><div class=\"wpb_column vc_column_container vc_col-sm-2\"><div class=\"vc_column-inner\"><div class=\"wpb_wrapper\"><\/div><\/div><\/div><div class=\"wpb_column vc_column_container vc_col-sm-8\"><div class=\"vc_column-inner\"><div class=\"wpb_wrapper\">\n\t<div class=\"wpb_text_column wpb_content_element \" >\n\t\t<div class=\"wpb_wrapper\">\n\t\t\t<p style=\"text-align: center;\">D\u00e9couvrez \u00e0 l&rsquo;avance l&rsquo;int\u00e9rieur et l&rsquo;ambiance de votre\u00a0restaurant avec cette visite virtuelle. Vous avez la possibilit\u00e9 de choisir la table qui vous convient le mieux.<\/p>\n\n\t\t<\/div>\n\t<\/div>\n<\/div><\/div><\/div><div class=\"wpb_column vc_column_container vc_col-sm-2\"><div class=\"vc_column-inner\"><div class=\"wpb_wrapper\"><\/div><\/div><\/div><\/div><\/div><\/div><\/div><\/div><div data-vc-full-width=\"true\" data-vc-full-width-init=\"false\" data-vc-stretch-content=\"true\" class=\"vc_row wpb_row vc_row-fluid vc_row-no-padding\"><div class=\"wpb_column vc_column_container vc_col-sm-12\"><div class=\"vc_column-inner\"><div class=\"wpb_wrapper\">\n\t<div  class=\"wpb_single_image wpb_content_element vc_align_center  wpb_animate_when_almost_visible wpb_bottom-to-top bottom-to-top\">\n\t\t\n\t\t<figure class=\"wpb_wrapper vc_figure\">\n\t\t\t<div class=\"vc_single_image-wrapper   vc_box_border_grey\"><\/div>\n\t\t<\/figure>\n\t<\/div>\n<\/div><\/div><\/div><\/div><div class=\"vc_row-full-width vc_clearfix\"><\/div><div class=\"vc_row wpb_row vc_row-fluid\"><div class=\"wpb_column vc_column_container vc_col-sm-12\"><div class=\"vc_column-inner\"><div class=\"wpb_wrapper\">\n\t<div class=\"wpb_text_column wpb_content_element \" >\n\t\t<div class=\"wpb_wrapper\">\n\t\t\t<p><iframe loading=\"lazy\" src=\"https:\/\/tourmkr.com\/G1YpivOOCB\" width=\"100%\" height=\"750\" allowfullscreen=\"allowfullscreen\"><\/iframe><\/p>\n\n\t\t<\/div>\n\t<\/div>\n<\/div><\/div><\/div><\/div>\n","protected":false},"excerpt":{"rendered":"360 \u00b0Visite virtuelle du restaurant D\u00e9couvrez \u00e0 l'avance l'int\u00e9rieur et l'ambiance de votre\u00a0restaurant avec cette visite virtuelle. Vous avez la possibilit\u00e9 de choisir la table qui vous convient le mieux.","protected":false},"author":1,"featured_media":0,"parent":0,"menu_order":0,"comment_status":"closed","ping_status":"closed","template":"page.php","meta":{"_monsterinsights_skip_tracking":false,"_monsterinsights_sitenote_active":false,"_monsterinsights_sitenote_note":"","_monsterinsights_sitenote_category":0,"spay_email":""},"_links":{"self":[{"href":"https:\/\/paradisdelanse-restaurant.fr\/fr_fr\/wp-json\/wp\/v2\/pages\/385"}],"collection":[{"href":"https:\/\/paradisdelanse-restaurant.fr\/fr_fr\/wp-json\/wp\/v2\/pages"}],"about":[{"href":"https:\/\/paradisdelanse-restaurant.fr\/fr_fr\/wp-json\/wp\/v2\/types\/page"}],"author":[{"embeddable":true,"href":"https:\/\/paradisdelanse-restaurant.fr\/fr_fr\/wp-json\/wp\/v2\/users\/1"}],"replies":[{"embeddable":true,"href":"https:\/\/paradisdelanse-restaurant.fr\/fr_fr\/wp-json\/wp\/v2\/comments?post=385"}],"version-history":[{"count":7,"href":"https:\/\/paradisdelanse-restaurant.fr\/fr_fr\/wp-json\/wp\/v2\/pages\/385\/revisions"}],"predecessor-version":[{"id":633,"href":"https:\/\/paradisdelanse-restaurant.fr\/fr_fr\/wp-json\/wp\/v2\/pages\/385\/revisions\/633"}],"wp:attachment":[{"href":"https:\/\/paradisdelanse-restaurant.fr\/fr_fr\/wp-json\/wp\/v2\/media?parent=385"}],"curies":[{"name":"wp","href":"https:\/\/api.w.org\/{rel}","templated":true}]}}