{"id":3,"date":"2019-04-16T09:38:27","date_gmt":"2019-04-16T07:38:27","guid":{"rendered":"http:\/\/paradisdelanse-restaurant.fr\/?page_id=3"},"modified":"2019-04-20T23:41:45","modified_gmt":"2019-04-20T21:41:45","slug":"mentions-legales","status":"publish","type":"page","link":"https:\/\/paradisdelanse-restaurant.fr\/fr_fr\/mentions-legales\/","title":{"rendered":"Mention l\u00e9gales"},"content":{"rendered":"<div class=\"vc_row wpb_row vc_row-fluid\"><div class=\"wpb_column vc_column_container vc_col-sm-12\"><div class=\"vc_column-inner\"><div class=\"wpb_wrapper\">\n\t<div class=\"wpb_text_column wpb_content_element \" >\n\t\t<div class=\"wpb_wrapper\">\n\t\t\t<h4>SI\u00c8GE SOCIAL<\/h4>\n<p>Restaurant Le Paradis de l&rsquo;Anse<\/p>\n<p>Anse-Figuier, 97211 Rivi\u00e8re-Pilote &#8211; Martinique<\/p>\n<p>Tel: 0596 65 21 89<\/p>\n<p>LE PARADIS DE L&rsquo;ANSE, soci\u00e9t\u00e9 \u00e0 responsabilit\u00e9 limit\u00e9e est active depuis 18 ans au capital social de 762,25 \u20ac. Siret : 43257076000020 Install\u00e9e \u00e0 RIVIERE PILOTE (97211), elle est sp\u00e9cialis\u00e9e dans le secteur d&rsquo;activit\u00e9 des h\u00f4tels et h\u00e9bergement similaire.<\/p>\n<p>&nbsp;<\/p>\n<h3>DESIGN GRAPHIQUE \/ CONCEPTION<\/h3>\n<p>STUDIO 9 &#8211; Cr\u00e9ation graphique, mise en page, d\u00e9veloppements web, r\u00e9f\u00e9rencement naturel &#8211; www.studio9-design.com<\/p>\n<p>&nbsp;<\/p>\n<h4>H\u00c9BERGEMENT DU SITE INTERNET<\/h4>\n<p>OVH.\u00a0SAS au capital de 10 000 000 \u20ac RCS Roubaix \u2013 Tourcoing 424 761 419 00045\u00a0 &#8211; Code APE 6202A &#8211; N\u00b0 TVA : FR 22 424 761 419 &#8211; Si\u00e8ge social : 2 rue Kellermann 59100 Roubaix &#8211; France.<\/p>\n<p>&nbsp;<\/p>\n<h4>RESPONSABLE DE PUBLICATION<\/h4>\n<p>Restaurant Le Paradis de l&rsquo;AnseAnse-Figuier97211 Rivi\u00e8re-Pilote<\/p>\n<p>&nbsp;<\/p>\n<h4>DONN\u00c9ES PERSONNELLES \/ VIE PRIV\u00c9E<\/h4>\n<p>En conformit\u00e9 avec les dispositions de la loi du 6 janvier 1978 relative \u00e0 l&rsquo;informatique, aux fichiers et aux libert\u00e9s, vous disposez d&rsquo;un droit d&rsquo;acc\u00e8s et de rectification portant sur les donn\u00e9es vous concernant en \u00e9crivant au si\u00e8ge social.<\/p>\n\n\t\t<\/div>\n\t<\/div>\n<\/div><\/div><\/div><\/div>\n","protected":false},"excerpt":{"rendered":"SI\u00c8GE SOCIAL Restaurant Le Paradis de l'Anse Anse-Figuier, 97211 Rivi\u00e8re-Pilote - Martinique Tel: 0596 65 21 89 LE PARADIS DE L'ANSE, soci\u00e9t\u00e9 \u00e0 responsabilit\u00e9 limit\u00e9e est active depuis 18 ans au capital social de 762,25 \u20ac. Siret : 43257076000020 Install\u00e9e \u00e0 RIVIERE PILOTE (97211), elle est sp\u00e9cialis\u00e9e dans le secteur d'activit\u00e9 des h\u00f4tels et h\u00e9bergement [...]","protected":false},"author":1,"featured_media":0,"parent":0,"menu_order":0,"comment_status":"closed","ping_status":"open","template":"one-page-template.php","meta":{"_monsterinsights_skip_tracking":false,"_monsterinsights_sitenote_active":false,"_monsterinsights_sitenote_note":"","_monsterinsights_sitenote_category":0,"spay_email":""},"_links":{"self":[{"href":"https:\/\/paradisdelanse-restaurant.fr\/fr_fr\/wp-json\/wp\/v2\/pages\/3"}],"collection":[{"href":"https:\/\/paradisdelanse-restaurant.fr\/fr_fr\/wp-json\/wp\/v2\/pages"}],"about":[{"href":"https:\/\/paradisdelanse-restaurant.fr\/fr_fr\/wp-json\/wp\/v2\/types\/page"}],"author":[{"embeddable":true,"href":"https:\/\/paradisdelanse-restaurant.fr\/fr_fr\/wp-json\/wp\/v2\/users\/1"}],"replies":[{"embeddable":true,"href":"https:\/\/paradisdelanse-restaurant.fr\/fr_fr\/wp-json\/wp\/v2\/comments?post=3"}],"version-history":[{"count":7,"href":"https:\/\/paradisdelanse-restaurant.fr\/fr_fr\/wp-json\/wp\/v2\/pages\/3\/revisions"}],"predecessor-version":[{"id":428,"href":"https:\/\/paradisdelanse-restaurant.fr\/fr_fr\/wp-json\/wp\/v2\/pages\/3\/revisions\/428"}],"wp:attachment":[{"href":"https:\/\/paradisdelanse-restaurant.fr\/fr_fr\/wp-json\/wp\/v2\/media?parent=3"}],"curies":[{"name":"wp","href":"https:\/\/api.w.org\/{rel}","templated":true}]}}