{"id":347,"date":"2019-04-19T19:19:05","date_gmt":"2019-04-19T17:19:05","guid":{"rendered":"http:\/\/paradisdelanse-restaurant.fr\/?page_id=347"},"modified":"2019-06-27T20:05:33","modified_gmt":"2019-06-27T18:05:33","slug":"menu","status":"publish","type":"page","link":"https:\/\/paradisdelanse-restaurant.fr\/en\/menu\/","title":{"rendered":"Menu"},"content":{"rendered":"<div data-vc-full-width=\"true\" data-vc-full-width-init=\"false\" data-vc-stretch-content=\"true\" class=\"vc_row wpb_row vc_row-fluid vc_row-no-padding\"><div class=\"wpb_column vc_column_container vc_col-sm-6\"><div class=\"vc_column-inner\"><div class=\"wpb_wrapper\">\n\t<div  class=\"wpb_single_image wpb_content_element vc_align_left\">\n\t\t\n\t\t<figure class=\"wpb_wrapper vc_figure\">\n\t\t\t<div class=\"vc_single_image-wrapper   vc_box_border_grey\"><img width=\"1000\" height=\"550\" src=\"https:\/\/paradisdelanse-restaurant.fr\/wp-content\/uploads\/2019\/04\/langouste-plat.jpg\" class=\"vc_single_image-img attachment-full\" alt=\"\" loading=\"lazy\" srcset=\"https:\/\/paradisdelanse-restaurant.fr\/wp-content\/uploads\/2019\/04\/langouste-plat.jpg 1000w, https:\/\/paradisdelanse-restaurant.fr\/wp-content\/uploads\/2019\/04\/langouste-plat-300x165.jpg 300w, https:\/\/paradisdelanse-restaurant.fr\/wp-content\/uploads\/2019\/04\/langouste-plat-768x422.jpg 768w, https:\/\/paradisdelanse-restaurant.fr\/wp-content\/uploads\/2019\/04\/langouste-plat-600x330.jpg 600w\" sizes=\"(max-width: 1000px) 100vw, 1000px\" \/><\/div>\n\t\t<\/figure>\n\t<\/div>\n<\/div><\/div><\/div><div class=\"wpb_column vc_column_container vc_col-sm-6\"><div class=\"vc_column-inner\"><div class=\"wpb_wrapper\">\n\t<div  class=\"wpb_single_image wpb_content_element vc_align_center\">\n\t\t\n\t\t<figure class=\"wpb_wrapper vc_figure\">\n\t\t\t<div class=\"vc_single_image-wrapper   vc_box_border_grey\"><img width=\"1000\" height=\"550\" src=\"https:\/\/paradisdelanse-restaurant.fr\/wp-content\/uploads\/2019\/04\/accras-de-morrue-martinique.jpg\" class=\"vc_single_image-img attachment-full\" alt=\"\" loading=\"lazy\" srcset=\"https:\/\/paradisdelanse-restaurant.fr\/wp-content\/uploads\/2019\/04\/accras-de-morrue-martinique.jpg 1000w, https:\/\/paradisdelanse-restaurant.fr\/wp-content\/uploads\/2019\/04\/accras-de-morrue-martinique-600x330.jpg 600w, https:\/\/paradisdelanse-restaurant.fr\/wp-content\/uploads\/2019\/04\/accras-de-morrue-martinique-300x165.jpg 300w, https:\/\/paradisdelanse-restaurant.fr\/wp-content\/uploads\/2019\/04\/accras-de-morrue-martinique-768x422.jpg 768w\" sizes=\"(max-width: 1000px) 100vw, 1000px\" \/><\/div>\n\t\t<\/figure>\n\t<\/div>\n<\/div><\/div><\/div><\/div><div class=\"vc_row-full-width vc_clearfix\"><\/div><div class=\"vc_row wpb_row vc_row-fluid vc_custom_1555948335655 vc_row-o-equal-height vc_row-flex\"><div class=\"wpb_column vc_column_container vc_col-sm-12\"><div class=\"vc_column-inner\"><div class=\"wpb_wrapper\"><h2 style=\"font-size: 60px;text-align: center;font-family:Mrs Saint Delafield;font-weight:400;font-style:normal\" class=\"vc_custom_heading vc_custom_1555696709037\" >The menu<\/h2><\/div><\/div><\/div><div class=\"wpb_column vc_column_container vc_col-sm-4\"><div class=\"vc_column-inner\"><div class=\"wpb_wrapper\">\n\t<div class=\"wpb_text_column wpb_content_element\" >\n\t\t<div class=\"wpb_wrapper\">\n\t\t\t<h3><em><strong>STARTER<\/strong><\/em><\/h3>\n<p><strong>Accras de crevettes (6) &#8211; <\/strong>7,90 \u20ac<br \/>\n<strong>Salade de Morue &#8211;<\/strong>\u00a06,90 \u20ac<br \/>\n<strong>Salade de ch\u00e8vre chaud &#8211; <\/strong>8,00 \u20ac<br \/>\n(Lit de laitue, Tomates, ma\u00efs, toast de fromage de ch\u00e8vre)<br \/>\n<strong>Assiette de Saumon Fum\u00e9 et ses toasts &#8211; <\/strong>9,90 \u20ac<br \/>\n<strong>Assiette Paradis <\/strong><strong>\u00a0&#8211; <\/strong>11,00 \u20ac<br \/>\n(Acrras de morue, boudin cr\u00e9ole, crabe farci, crevettes, crudit\u00e9s fra\u00eeches)<br \/>\n<strong>Crabes farcis et crudit\u00e9s fra\u00eeches &#8211; <\/strong>11,50 \u20ac<br \/>\n<strong>P\u00e2t\u00e9 en pot de\u00a0lambis &#8211;<\/strong>\u00a011,90 \u20ac<br \/>\n<strong>Gratin de\u00a0lambis et crudit\u00e9s fra\u00eeches &#8211; <\/strong>12,00 \u20ac<br \/>\n<strong>Palourdes(6) marin\u00e9es dans une sauce blaff &#8211; <\/strong>12,90 \u20ac<\/p>\n\n\t\t<\/div>\n\t<\/div>\n<\/div><\/div><\/div><div class=\"wpb_column vc_column_container vc_col-sm-4\"><div class=\"vc_column-inner\"><div class=\"wpb_wrapper\">\n\t<div class=\"wpb_text_column wpb_content_element\" >\n\t\t<div class=\"wpb_wrapper\">\n\t\t\t<h3><em><strong>PLATS<\/strong><\/em><\/h3>\n<p><strong>Poisson du Jour grill\u00e9 &#8211;\u00a0<\/strong>14,00 \u20ac<br \/>\n<strong>Fricass\u00e9e d&rsquo;Ecrevisses \u00a0&#8211;<\/strong>16,00 \u20ac<br \/>\n<strong>Fricass\u00e9e de Lambis &#8211;\u00a0<\/strong>16,00 \u20ac<br \/>\n<strong>Filet de Lambis &#8211;\u00a0<\/strong>17,00 \u20ac<br \/>\n<strong>Langouste grill\u00e9e ou fricass\u00e9e<\/strong>(les 100g) &#8211; 7,00 \u20ac<\/p>\n<p><strong>Poulet Grill\u00e9 &#8211;\u00a0<\/strong>12,00 \u20ac<br \/>\n<strong>Magret de Canard au Poivre Vert &#8211;\u00a0<\/strong>16,00 \u20ac<br \/>\n<strong>Entrec\u00f4te Grill\u00e9e beurre Ma\u00eetre d&rsquo;H\u00f4tel &#8211;\u00a0<\/strong>17,00 \u20ac<br \/>\n<strong>C\u00f4te de Boeuf <\/strong>(300 g) &#8211;\u00a021,00 \u20ac<\/p>\n<p><strong>Accompaniments: Gratins, Rice, Fries, Green Beans<\/strong><\/p>\n\n\t\t<\/div>\n\t<\/div>\n<\/div><\/div><\/div><div class=\"wpb_column vc_column_container vc_col-sm-4\"><div class=\"vc_column-inner\"><div class=\"wpb_wrapper\">\n\t<div class=\"wpb_text_column wpb_content_element\" >\n\t\t<div class=\"wpb_wrapper\">\n\t\t\t<h3><em><strong>DESSERTS<\/strong><\/em><\/h3>\n<div><\/div>\n<div><strong>Brochette de Fruits Frais &#8211;\u00a0<\/strong>5,00 \u20ac<\/div>\n<div><strong>Moelleux au Chocolat &#8211;<\/strong>\u00a05,50 \u20ac<\/div>\n<div><strong>Choix de Glaces &#8211;\u00a0<\/strong>6,00 \u20ac<\/div>\n<div><strong>Choix de Sorbets &#8211;\u00a0<\/strong>6,50 \u20ac<\/div>\n\n\t\t<\/div>\n\t<\/div>\n<\/div><\/div><\/div><\/div><!-- Row Backgrounds --><div class=\"upb_grad\" data-grad=\"background: -webkit-gradient(linear, left top, left bottom, color-stop(0%, #E6E6E6), color-stop(48%, #FFFFFF));background: -moz-linear-gradient(left,#E6E6E6 0%,#FFFFFF 48%);background: -webkit-linear-gradient(left,#E6E6E6 0%,#FFFFFF 48%);background: -o-linear-gradient(left,#E6E6E6 0%,#FFFFFF 48%);background: -ms-linear-gradient(left,#E6E6E6 0%,#FFFFFF 48%);background: linear-gradient(left,#E6E6E6 0%,#FFFFFF 48%);\" data-bg-override=\"ex-full\" data-upb-overlay-color=\"\" data-upb-bg-animation=\"\" data-fadeout=\"\" data-fadeout-percentage=\"30\" data-parallax-content=\"\" data-parallax-content-sense=\"30\" data-row-effect-mobile-disable=\"true\" data-img-parallax-mobile-disable=\"true\" data-rtl=\"false\"  data-custom-vc-row=\"\"  data-vc=\"5.7\"  data-is_old_vc=\"\"  data-theme-support=\"\"   data-overlay=\"false\" data-overlay-color=\"\" data-overlay-pattern=\"\" data-overlay-pattern-opacity=\"\" data-overlay-pattern-size=\"\"    ><\/div>","protected":false},"excerpt":{"rendered":"Le menu ENTR\u00c9ES Accras de crevettes (6) - 7,90 \u20ac Salade de Morue -\u00a06,90 \u20ac Salade de ch\u00e8vre chaud - 8,00 \u20ac (Lit de laitue, Tomates, ma\u00efs, toast de fromage de ch\u00e8vre) Assiette de Saumon Fum\u00e9 et ses toasts - 9,90 \u20ac Assiette Paradis \u00a0- 11,00 \u20ac (Acrras de morue, boudin cr\u00e9ole, crabe farci, crevettes, [...]","protected":false},"author":1,"featured_media":0,"parent":0,"menu_order":0,"comment_status":"closed","ping_status":"closed","template":"template-blank.php","meta":{"_monsterinsights_skip_tracking":false,"_monsterinsights_sitenote_active":false,"_monsterinsights_sitenote_note":"","_monsterinsights_sitenote_category":0,"spay_email":""},"_links":{"self":[{"href":"https:\/\/paradisdelanse-restaurant.fr\/en\/wp-json\/wp\/v2\/pages\/347"}],"collection":[{"href":"https:\/\/paradisdelanse-restaurant.fr\/en\/wp-json\/wp\/v2\/pages"}],"about":[{"href":"https:\/\/paradisdelanse-restaurant.fr\/en\/wp-json\/wp\/v2\/types\/page"}],"author":[{"embeddable":true,"href":"https:\/\/paradisdelanse-restaurant.fr\/en\/wp-json\/wp\/v2\/users\/1"}],"replies":[{"embeddable":true,"href":"https:\/\/paradisdelanse-restaurant.fr\/en\/wp-json\/wp\/v2\/comments?post=347"}],"version-history":[{"count":30,"href":"https:\/\/paradisdelanse-restaurant.fr\/en\/wp-json\/wp\/v2\/pages\/347\/revisions"}],"predecessor-version":[{"id":377,"href":"https:\/\/paradisdelanse-restaurant.fr\/en\/wp-json\/wp\/v2\/pages\/347\/revisions\/377"}],"wp:attachment":[{"href":"https:\/\/paradisdelanse-restaurant.fr\/en\/wp-json\/wp\/v2\/media?parent=347"}],"curies":[{"name":"wp","href":"https:\/\/api.w.org\/{rel}","templated":true}]}}